{"id":37,"date":"2017-03-11T15:55:42","date_gmt":"2017-03-11T14:55:42","guid":{"rendered":"http:\/\/www.lernart-hetzerath.de\/?page_id=37"},"modified":"2023-02-14T12:27:17","modified_gmt":"2023-02-14T11:27:17","slug":"impressum","status":"publish","type":"page","link":"https:\/\/www.lernart-hetzerath.de\/wordpress\/impressum\/","title":{"rendered":"Impressum"},"content":{"rendered":"<h1>Impressum<\/h1>\n<h2>Angaben gem\u00e4\u00df \u00a7 5 TMG:<\/h2>\n<p>Irene Koller<br \/>\nKl\u00fcsserather Str. 41<br \/>\n54523 Hetzerath<\/p>\n<h2>Kontakt:<\/h2>\n<table>\n<tbody>\n<tr>\n<td>Telefon:<\/td>\n<td>0172\/7438224<\/td>\n<\/tr>\n<tr>\n<td>Telefax:<\/td>\n<td><\/td>\n<\/tr>\n<tr>\n<td>E-Mail:<\/td>\n<td>Irka.Koller[at]t-online.de<\/td>\n<\/tr>\n<\/tbody>\n<\/table>\n<p>Quelle: <em><a href=\"http:\/\/www.e-recht24.de\">http:\/\/www.e-recht24.de<\/a><\/em><\/p>\n<h3><\/h3>\n<p><span style=\"color: #0000ff;\"><strong>Webdesign<\/strong><\/span><\/p>\n<p>RS Internet<\/p>\n<p>Rolf Sch\u00e4fer<\/p>\n<p>rollis[at]online.de<\/p>\n<p>&nbsp;<\/p>\n<h3>Bildnachweise:<\/h3>\n<p><strong>Bilder auf Startseite:<\/strong><\/p>\n<p>WEB-FB_Fotolia_68213084_L_BEARB<br \/>\nFoto: \u00a9 contrastwerkstatt \/ fotolia<br \/>\nBildbearbeitung: <a href=\"https:\/\/www.facebook.com\/atelierCOLOURVISION\/\" target=\"_blank\" rel=\"noopener\">atelier COLOUR-VISION<\/a><\/p>\n<p><strong><br \/>\n<\/strong>Fotolia #100409997<em><br \/>\n<\/em>\u00a9 Halfpoint \/ fotolia<\/p>\n<p>Fotolia #103829181<br \/>\nFoto: \u00a9 Robert Kneschke \/ fotolia<\/p>\n<p><strong>Headerbild \u00fcbrige Seiten:<\/strong><br \/>\nFotolia #81079281<br \/>\n\u00a9 mikemols \/ fotolia<\/p>\n<p><strong>Bild auf der Seite: \u201eDyskalkulie\u201c<\/strong><br \/>\nFotolia #54180799<br \/>\n\u00a9 contrastwerkstatt \/ fotolia<\/p>\n<p><strong>Bild auf der Seite: \u201eChemie Nachhilfe\u201c<\/strong><br \/>\nFotolia #68945613<br \/>\n\u00a9 Cherries \/ fotolia<\/p>\n<p><strong>Bild auf der Seite: \u201e\u00dcber mich\u201c<\/strong><\/p>\n<div class=\"attachment-info\">\n<div class=\"details\">\n<div class=\"filename\"><span style=\"font-family: Helvetica,Arial,sans-serif;\">Fotolia #109650986<\/span><\/div>\n<div class=\"filename\"><span style=\"font-family: Helvetica,Arial,sans-serif;\">Foto: \u00a9 deagreez \/ fotolia<\/span><\/div>\n<\/div>\n<\/div>\n<p>&nbsp;<\/p>\n<p><span style=\"color: #3333ff; font-family: Helvetica,Arial,sans-serif;\"><b><strong>Bildquelle:<\/strong><\/b><\/span><span style=\"font-family: Helvetica,Arial,sans-serif;\"><b> <\/b><a class=\"moz-txt-link-abbreviated\" href=\"http:\/\/www.fotolia.de\">www.fotolia.de<\/a><\/span><\/p>\n<p>&nbsp;<\/p>\n<p><b><\/b><span style=\"color: #3333ff;\"><b>Externe Bildbearbeitung &amp; Logo-Design:<\/b><\/span><em><br \/>\n<\/em>\u00a9 by<span class=\"Apple-converted-space\"> Pia Schneider,<\/span> <em><span style=\"color: #cc0000;\"><a class=\"moz-txt-link-abbreviated\" href=\"http:\/\/www.colour-vision.de\">www.colour-vision.de<\/a><\/span><br \/>\n<img loading=\"lazy\" decoding=\"async\" class=\"alignnone size-medium wp-image-221\" src=\"https:\/\/www.lernart-hetzerath.de\/wordpress\/wp-content\/uploads\/2017\/03\/LOGO_aCV-2016-300x110.png\" alt=\"\" width=\"300\" height=\"110\" srcset=\"https:\/\/www.lernart-hetzerath.de\/wordpress\/wp-content\/uploads\/2017\/03\/LOGO_aCV-2016-300x110.png 300w, https:\/\/www.lernart-hetzerath.de\/wordpress\/wp-content\/uploads\/2017\/03\/LOGO_aCV-2016-768x281.png 768w, https:\/\/www.lernart-hetzerath.de\/wordpress\/wp-content\/uploads\/2017\/03\/LOGO_aCV-2016-1024x374.png 1024w, https:\/\/www.lernart-hetzerath.de\/wordpress\/wp-content\/uploads\/2017\/03\/LOGO_aCV-2016-830x303.png 830w, https:\/\/www.lernart-hetzerath.de\/wordpress\/wp-content\/uploads\/2017\/03\/LOGO_aCV-2016-230x84.png 230w, https:\/\/www.lernart-hetzerath.de\/wordpress\/wp-content\/uploads\/2017\/03\/LOGO_aCV-2016-350x128.png 350w, https:\/\/www.lernart-hetzerath.de\/wordpress\/wp-content\/uploads\/2017\/03\/LOGO_aCV-2016-480x175.png 480w\" sizes=\"auto, (max-width: 300px) 100vw, 300px\" \/><\/em><\/p>\n<p>&nbsp;<\/p>\n<hr size=\"2\" width=\"100%\" \/>\n<h1>Haftungsausschluss (Disclaimer)<\/h1>\n<p><strong>Haftung f\u00fcr Inhalte<\/strong><\/p>\n<p>Als Diensteanbieter sind wir gem\u00e4\u00df \u00a7 7 Abs.1 TMG f\u00fcr eigene Inhalte auf diesen Seiten nach den allgemeinen Gesetzen verantwortlich. Nach \u00a7\u00a7 8 bis 10 TMG sind wir als Diensteanbieter jedoch nicht verpflichtet, \u00fcbermittelte oder gespeicherte fremde Informationen zu \u00fcberwachen oder nach Umst\u00e4nden zu forschen, die auf eine rechtswidrige T\u00e4tigkeit hinweisen. Verpflichtungen zur Entfernung oder Sperrung der Nutzung von Informationen nach den allgemeinen Gesetzen bleiben hiervon unber\u00fchrt. Eine diesbez\u00fcgliche Haftung ist jedoch erst ab dem Zeitpunkt der Kenntnis einer konkreten Rechtsverletzung m\u00f6glich. Bei Bekanntwerden von entsprechenden Rechtsverletzungen werden wir diese Inhalte umgehend entfernen.<\/p>\n<p><strong>Haftung f\u00fcr Links<\/strong><\/p>\n<p>Unser Angebot enth\u00e4lt Links zu externen Webseiten Dritter, auf deren Inhalte wir keinen Einfluss haben. Deshalb k\u00f6nnen wir f\u00fcr diese fremden Inhalte auch keine Gew\u00e4hr \u00fcbernehmen. F\u00fcr die Inhalte der verlinkten Seiten ist stets der jeweilige Anbieter oder Betreiber der Seiten verantwortlich. Die verlinkten Seiten wurden zum Zeitpunkt der Verlinkung auf m\u00f6gliche Rechtsverst\u00f6\u00dfe \u00fcberpr\u00fcft. Rechtswidrige Inhalte waren zum Zeitpunkt der Verlinkung nicht erkennbar. Eine permanente inhaltliche Kontrolle der verlinkten Seiten ist jedoch ohne konkrete Anhaltspunkte einer Rechtsverletzung nicht zumutbar. Bei Bekanntwerden von Rechtsverletzungen werden wir derartige Links umgehend entfernen.<\/p>\n<p><strong>Urheberrecht<\/strong><\/p>\n<p>Die durch die Seitenbetreiber erstellten Inhalte und Werke auf diesen Seiten unterliegen dem deutschen Urheberrecht. Die Vervielf\u00e4ltigung, Bearbeitung, Verbreitung und jede Art der Verwertung au\u00dferhalb der Grenzen des Urheberrechtes bed\u00fcrfen der schriftlichen Zustimmung des jeweiligen Autors bzw. Erstellers. Downloads und Kopien dieser Seite sind nur f\u00fcr den privaten, nicht kommerziellen Gebrauch gestattet. Soweit die Inhalte auf dieser Seite nicht vom Betreiber erstellt wurden, werden die Urheberrechte Dritter beachtet. Insbesondere werden Inhalte Dritter als solche gekennzeichnet. Sollten Sie trotzdem auf eine Urheberrechtsverletzung aufmerksam werden, bitten wir um einen entsprechenden Hinweis. Bei Bekanntwerden von Rechtsverletzungen werden wir derartige Inhalte umgehend entfernen.<\/p>\n","protected":false},"excerpt":{"rendered":"<p>Impressum Angaben gem\u00e4\u00df \u00a7 5 TMG: Irene Koller Kl\u00fcsserather Str. 41 54523 Hetzerath Kontakt: Telefon: 0172\/7438224 Telefax: E-Mail: Irka.Koller[at]t-online.de Quelle: http:\/\/www.e-recht24.de Webdesign [&hellip;]<\/p>\n","protected":false},"author":1,"featured_media":0,"parent":0,"menu_order":0,"comment_status":"closed","ping_status":"closed","template":"","meta":{"_FSMCFIC_featured_image_caption":"","_FSMCFIC_featured_image_nocaption":"","_FSMCFIC_featured_image_hide":"","footnotes":""},"class_list":["post-37","page","type-page","status-publish","hentry"],"yoast_head":"<!-- This site is optimized with the Yoast SEO plugin v27.5 - https:\/\/yoast.com\/product\/yoast-seo-wordpress\/ -->\n<title>Impressum - LERNART Hetzerath<\/title>\n<meta name=\"robots\" content=\"index, follow, max-snippet:-1, max-image-preview:large, max-video-preview:-1\" \/>\n<link rel=\"canonical\" href=\"https:\/\/www.lernart-hetzerath.de\/wordpress\/impressum\/\" \/>\n<meta property=\"og:locale\" content=\"de_DE\" \/>\n<meta property=\"og:type\" content=\"article\" \/>\n<meta property=\"og:title\" content=\"Impressum - LERNART Hetzerath\" \/>\n<meta property=\"og:description\" content=\"Impressum Angaben gem\u00e4\u00df \u00a7 5 TMG: Irene Koller Kl\u00fcsserather Str. 41 54523 Hetzerath Kontakt: Telefon: 0172\/7438224 Telefax: E-Mail: Irka.Koller[at]t-online.de Quelle: http:\/\/www.e-recht24.de Webdesign [&hellip;]\" \/>\n<meta property=\"og:url\" content=\"https:\/\/www.lernart-hetzerath.de\/wordpress\/impressum\/\" \/>\n<meta property=\"og:site_name\" content=\"LERNART Hetzerath\" \/>\n<meta property=\"article:modified_time\" content=\"2023-02-14T11:27:17+00:00\" \/>\n<meta property=\"og:image\" content=\"https:\/\/www.lernart-hetzerath.de\/wordpress\/wp-content\/uploads\/2017\/03\/LOGO_aCV-2016.png\" \/>\n\t<meta property=\"og:image:width\" content=\"3543\" \/>\n\t<meta property=\"og:image:height\" content=\"1295\" \/>\n\t<meta property=\"og:image:type\" content=\"image\/png\" \/>\n<meta name=\"twitter:card\" content=\"summary_large_image\" \/>\n<meta name=\"twitter:label1\" content=\"Gesch\u00e4tzte Lesezeit\" \/>\n\t<meta name=\"twitter:data1\" content=\"2\u00a0Minuten\" \/>\n<script type=\"application\/ld+json\" class=\"yoast-schema-graph\">{\"@context\":\"https:\\\/\\\/schema.org\",\"@graph\":[{\"@type\":\"WebPage\",\"@id\":\"https:\\\/\\\/www.lernart-hetzerath.de\\\/wordpress\\\/impressum\\\/\",\"url\":\"https:\\\/\\\/www.lernart-hetzerath.de\\\/wordpress\\\/impressum\\\/\",\"name\":\"Impressum - LERNART Hetzerath\",\"isPartOf\":{\"@id\":\"https:\\\/\\\/www.lernart-hetzerath.de\\\/wordpress\\\/#website\"},\"primaryImageOfPage\":{\"@id\":\"https:\\\/\\\/www.lernart-hetzerath.de\\\/wordpress\\\/impressum\\\/#primaryimage\"},\"image\":{\"@id\":\"https:\\\/\\\/www.lernart-hetzerath.de\\\/wordpress\\\/impressum\\\/#primaryimage\"},\"thumbnailUrl\":\"https:\\\/\\\/www.lernart-hetzerath.de\\\/wordpress\\\/wp-content\\\/uploads\\\/2017\\\/03\\\/LOGO_aCV-2016-300x110.png\",\"datePublished\":\"2017-03-11T14:55:42+00:00\",\"dateModified\":\"2023-02-14T11:27:17+00:00\",\"breadcrumb\":{\"@id\":\"https:\\\/\\\/www.lernart-hetzerath.de\\\/wordpress\\\/impressum\\\/#breadcrumb\"},\"inLanguage\":\"de\",\"potentialAction\":[{\"@type\":\"ReadAction\",\"target\":[\"https:\\\/\\\/www.lernart-hetzerath.de\\\/wordpress\\\/impressum\\\/\"]}]},{\"@type\":\"ImageObject\",\"inLanguage\":\"de\",\"@id\":\"https:\\\/\\\/www.lernart-hetzerath.de\\\/wordpress\\\/impressum\\\/#primaryimage\",\"url\":\"https:\\\/\\\/www.lernart-hetzerath.de\\\/wordpress\\\/wp-content\\\/uploads\\\/2017\\\/03\\\/LOGO_aCV-2016.png\",\"contentUrl\":\"https:\\\/\\\/www.lernart-hetzerath.de\\\/wordpress\\\/wp-content\\\/uploads\\\/2017\\\/03\\\/LOGO_aCV-2016.png\",\"width\":3543,\"height\":1295},{\"@type\":\"BreadcrumbList\",\"@id\":\"https:\\\/\\\/www.lernart-hetzerath.de\\\/wordpress\\\/impressum\\\/#breadcrumb\",\"itemListElement\":[{\"@type\":\"ListItem\",\"position\":1,\"name\":\"Startseite\",\"item\":\"https:\\\/\\\/www.lernart-hetzerath.de\\\/wordpress\\\/\"},{\"@type\":\"ListItem\",\"position\":2,\"name\":\"Impressum\"}]},{\"@type\":\"WebSite\",\"@id\":\"https:\\\/\\\/www.lernart-hetzerath.de\\\/wordpress\\\/#website\",\"url\":\"https:\\\/\\\/www.lernart-hetzerath.de\\\/wordpress\\\/\",\"name\":\"LERNART Hetzerath\",\"description\":\"Dyskalkulie\\\/Rechenschw\u00e4che-ADS\\\/ADHS-Elternarbeit -  Crashkurse Chemie- Workshops\",\"publisher\":{\"@id\":\"https:\\\/\\\/www.lernart-hetzerath.de\\\/wordpress\\\/#\\\/schema\\\/person\\\/ebff95b1efc9faf8b01a9da69793705f\"},\"potentialAction\":[{\"@type\":\"SearchAction\",\"target\":{\"@type\":\"EntryPoint\",\"urlTemplate\":\"https:\\\/\\\/www.lernart-hetzerath.de\\\/wordpress\\\/?s={search_term_string}\"},\"query-input\":{\"@type\":\"PropertyValueSpecification\",\"valueRequired\":true,\"valueName\":\"search_term_string\"}}],\"inLanguage\":\"de\"},{\"@type\":[\"Person\",\"Organization\"],\"@id\":\"https:\\\/\\\/www.lernart-hetzerath.de\\\/wordpress\\\/#\\\/schema\\\/person\\\/ebff95b1efc9faf8b01a9da69793705f\",\"name\":\"irka987\",\"image\":{\"@type\":\"ImageObject\",\"inLanguage\":\"de\",\"@id\":\"https:\\\/\\\/www.lernart-hetzerath.de\\\/wordpress\\\/wp-content\\\/uploads\\\/2017\\\/03\\\/Koller-Irene-2b_BRetu_aCV__3.jpg\",\"url\":\"https:\\\/\\\/www.lernart-hetzerath.de\\\/wordpress\\\/wp-content\\\/uploads\\\/2017\\\/03\\\/Koller-Irene-2b_BRetu_aCV__3.jpg\",\"contentUrl\":\"https:\\\/\\\/www.lernart-hetzerath.de\\\/wordpress\\\/wp-content\\\/uploads\\\/2017\\\/03\\\/Koller-Irene-2b_BRetu_aCV__3.jpg\",\"width\":300,\"height\":450,\"caption\":\"irka987\"},\"logo\":{\"@id\":\"https:\\\/\\\/www.lernart-hetzerath.de\\\/wordpress\\\/wp-content\\\/uploads\\\/2017\\\/03\\\/Koller-Irene-2b_BRetu_aCV__3.jpg\"}}]}<\/script>\n<!-- \/ Yoast SEO plugin. -->","yoast_head_json":{"title":"Impressum - LERNART Hetzerath","robots":{"index":"index","follow":"follow","max-snippet":"max-snippet:-1","max-image-preview":"max-image-preview:large","max-video-preview":"max-video-preview:-1"},"canonical":"https:\/\/www.lernart-hetzerath.de\/wordpress\/impressum\/","og_locale":"de_DE","og_type":"article","og_title":"Impressum - LERNART Hetzerath","og_description":"Impressum Angaben gem\u00e4\u00df \u00a7 5 TMG: Irene Koller Kl\u00fcsserather Str. 41 54523 Hetzerath Kontakt: Telefon: 0172\/7438224 Telefax: E-Mail: Irka.Koller[at]t-online.de Quelle: http:\/\/www.e-recht24.de Webdesign [&hellip;]","og_url":"https:\/\/www.lernart-hetzerath.de\/wordpress\/impressum\/","og_site_name":"LERNART Hetzerath","article_modified_time":"2023-02-14T11:27:17+00:00","og_image":[{"width":3543,"height":1295,"url":"https:\/\/www.lernart-hetzerath.de\/wordpress\/wp-content\/uploads\/2017\/03\/LOGO_aCV-2016.png","type":"image\/png"}],"twitter_card":"summary_large_image","twitter_misc":{"Gesch\u00e4tzte Lesezeit":"2\u00a0Minuten"},"schema":{"@context":"https:\/\/schema.org","@graph":[{"@type":"WebPage","@id":"https:\/\/www.lernart-hetzerath.de\/wordpress\/impressum\/","url":"https:\/\/www.lernart-hetzerath.de\/wordpress\/impressum\/","name":"Impressum - LERNART Hetzerath","isPartOf":{"@id":"https:\/\/www.lernart-hetzerath.de\/wordpress\/#website"},"primaryImageOfPage":{"@id":"https:\/\/www.lernart-hetzerath.de\/wordpress\/impressum\/#primaryimage"},"image":{"@id":"https:\/\/www.lernart-hetzerath.de\/wordpress\/impressum\/#primaryimage"},"thumbnailUrl":"https:\/\/www.lernart-hetzerath.de\/wordpress\/wp-content\/uploads\/2017\/03\/LOGO_aCV-2016-300x110.png","datePublished":"2017-03-11T14:55:42+00:00","dateModified":"2023-02-14T11:27:17+00:00","breadcrumb":{"@id":"https:\/\/www.lernart-hetzerath.de\/wordpress\/impressum\/#breadcrumb"},"inLanguage":"de","potentialAction":[{"@type":"ReadAction","target":["https:\/\/www.lernart-hetzerath.de\/wordpress\/impressum\/"]}]},{"@type":"ImageObject","inLanguage":"de","@id":"https:\/\/www.lernart-hetzerath.de\/wordpress\/impressum\/#primaryimage","url":"https:\/\/www.lernart-hetzerath.de\/wordpress\/wp-content\/uploads\/2017\/03\/LOGO_aCV-2016.png","contentUrl":"https:\/\/www.lernart-hetzerath.de\/wordpress\/wp-content\/uploads\/2017\/03\/LOGO_aCV-2016.png","width":3543,"height":1295},{"@type":"BreadcrumbList","@id":"https:\/\/www.lernart-hetzerath.de\/wordpress\/impressum\/#breadcrumb","itemListElement":[{"@type":"ListItem","position":1,"name":"Startseite","item":"https:\/\/www.lernart-hetzerath.de\/wordpress\/"},{"@type":"ListItem","position":2,"name":"Impressum"}]},{"@type":"WebSite","@id":"https:\/\/www.lernart-hetzerath.de\/wordpress\/#website","url":"https:\/\/www.lernart-hetzerath.de\/wordpress\/","name":"LERNART Hetzerath","description":"Dyskalkulie\/Rechenschw\u00e4che-ADS\/ADHS-Elternarbeit -  Crashkurse Chemie- Workshops","publisher":{"@id":"https:\/\/www.lernart-hetzerath.de\/wordpress\/#\/schema\/person\/ebff95b1efc9faf8b01a9da69793705f"},"potentialAction":[{"@type":"SearchAction","target":{"@type":"EntryPoint","urlTemplate":"https:\/\/www.lernart-hetzerath.de\/wordpress\/?s={search_term_string}"},"query-input":{"@type":"PropertyValueSpecification","valueRequired":true,"valueName":"search_term_string"}}],"inLanguage":"de"},{"@type":["Person","Organization"],"@id":"https:\/\/www.lernart-hetzerath.de\/wordpress\/#\/schema\/person\/ebff95b1efc9faf8b01a9da69793705f","name":"irka987","image":{"@type":"ImageObject","inLanguage":"de","@id":"https:\/\/www.lernart-hetzerath.de\/wordpress\/wp-content\/uploads\/2017\/03\/Koller-Irene-2b_BRetu_aCV__3.jpg","url":"https:\/\/www.lernart-hetzerath.de\/wordpress\/wp-content\/uploads\/2017\/03\/Koller-Irene-2b_BRetu_aCV__3.jpg","contentUrl":"https:\/\/www.lernart-hetzerath.de\/wordpress\/wp-content\/uploads\/2017\/03\/Koller-Irene-2b_BRetu_aCV__3.jpg","width":300,"height":450,"caption":"irka987"},"logo":{"@id":"https:\/\/www.lernart-hetzerath.de\/wordpress\/wp-content\/uploads\/2017\/03\/Koller-Irene-2b_BRetu_aCV__3.jpg"}}]}},"_links":{"self":[{"href":"https:\/\/www.lernart-hetzerath.de\/wordpress\/wp-json\/wp\/v2\/pages\/37","targetHints":{"allow":["GET"]}}],"collection":[{"href":"https:\/\/www.lernart-hetzerath.de\/wordpress\/wp-json\/wp\/v2\/pages"}],"about":[{"href":"https:\/\/www.lernart-hetzerath.de\/wordpress\/wp-json\/wp\/v2\/types\/page"}],"author":[{"embeddable":true,"href":"https:\/\/www.lernart-hetzerath.de\/wordpress\/wp-json\/wp\/v2\/users\/1"}],"replies":[{"embeddable":true,"href":"https:\/\/www.lernart-hetzerath.de\/wordpress\/wp-json\/wp\/v2\/comments?post=37"}],"version-history":[{"count":20,"href":"https:\/\/www.lernart-hetzerath.de\/wordpress\/wp-json\/wp\/v2\/pages\/37\/revisions"}],"predecessor-version":[{"id":853,"href":"https:\/\/www.lernart-hetzerath.de\/wordpress\/wp-json\/wp\/v2\/pages\/37\/revisions\/853"}],"wp:attachment":[{"href":"https:\/\/www.lernart-hetzerath.de\/wordpress\/wp-json\/wp\/v2\/media?parent=37"}],"curies":[{"name":"wp","href":"https:\/\/api.w.org\/{rel}","templated":true}]}}