{"id":43,"date":"2017-03-11T16:12:19","date_gmt":"2017-03-11T15:12:19","guid":{"rendered":"http:\/\/www.lernart-hetzerath.de\/?page_id=43"},"modified":"2024-03-27T17:00:33","modified_gmt":"2024-03-27T16:00:33","slug":"pruefungscoaching","status":"publish","type":"page","link":"https:\/\/www.lernart-hetzerath.de\/wordpress\/pruefungscoaching\/","title":{"rendered":"Angst vor Klassenarbeiten"},"content":{"rendered":"<p style=\"text-align: left;\"><strong><span style=\"color: #000080;\">Wer will sp\u00e4ter lebenslang verpassten Chancen nachtrauern?\u00a0 Schlechte Noten im Hauptfach Mathematik auf den Jahreszeugnissen\/Abschlusszeugnissen haben nicht nur zur Folge, dass Zugangsvoraussetzungen f\u00fcr ein Weiterkommen an der Schule, f\u00fcr bestimmte Berufe oder ein Studium erschwert sind, sondern auch, dass die negativen Lernerfahrungen nicht mehr relativiert und im Ged\u00e4chtnis haften bleiben. Noten sind Bewertungen und stehen immer mit Erfolg oder Misserfolg in Verbindung. Dieses Bewusstsein von Misserfolg haftet in den K\u00f6pfen von Sch\u00fclern und Eltern und n\u00e4hrt beiderseits offene ge\u00e4u\u00dferte, aber auch unterschwellige Erwartungshaltungen. Gleichzeitig erh\u00f6ht sich\u00a0 der Druck auf die Sch\u00fcler, wenn es nicht gelingt, ihren oder den Erwartungshaltungen der Eltern zu entsprechen.\u00a0<\/span><\/strong><\/p>\n<p style=\"text-align: left;\"><span style=\"color: #000080;\"><strong>Sch\u00fcler\/innen mit Rechenschw\u00e4che erleben sich meist als mathematisch inkompetent und unf\u00e4hig, die an sie gestellten Anforderungen in Klassenarbeiten erfolgreich zu erf\u00fcllen. Das kann zu Mathematikangst\/Lern-Denkblockade\u00a0 f\u00fchren bzw. diese verst\u00e4rken. Schlechte Leistungen und Mathematikangst bedingen sich gegenseitig und so kann die\u00a0 Mathematikangst umgekehrt auch die mathematischen Leistungen negativ beeinflussen.<\/strong><\/span><\/p>\n<p>&nbsp;<\/p>\n<p style=\"text-align: center;\"><span style=\"color: #ff0000;\"><strong>Stolpersteine in der Klassenarbeit\u00a0<\/strong><\/span><\/p>\n<p><span style=\"color: #000080;\"><strong>Im Rechentraining habe ich meist Kinder in der Grundschule und Sch\u00fcler\/innen in weiterf\u00fchrenden Schulen, die durchweg gute Noten haben und lediglich im Fach \u00a0Mathematik schw\u00e4cheln. Wegen der anhaltend schlechten Noten in der Vergangenheit existiert so gut wie immer eine negative Selbsteinsch\u00e4tzung hinsichtlich des eigenen Leistungsverm\u00f6gens im Umgang mit Zahlen. \u00a0Hinzu kommt \u00a0das qu\u00e4lende Bewusstsein der Sch\u00fcler, den\u00a0 <span style=\"color: #ff6600;\">Transfer<\/span> in den Klassenarbeiten nicht erbringen zu k\u00f6nnen. Genau dort, wo \u00dcbertragung von aktuellem Wissen auf neue Sachverhalte gefordert ist, sind\u00a0 diese Sch\u00fcler mit hinderlichen Gedanken und gr\u00f6\u00dftenteils mit eigenen negativen emotionalen Befindlichkeiten besch\u00e4ftigt. Weder erscheint es m\u00f6glich, unter dem Zeitdruck der Pr\u00fcfung \u00fcber die genaue Aufgabenstellung nachzudenken,\u00a0 noch sich an \u00e4hnliche \u00dcbungsaufgaben bei den Hausaufgaben zu erinnern. Meist steht dort kein abrufbares Repertoire an Probleml\u00f6sestrategien zu Verf\u00fcgung, weil das Denkverm\u00f6gen eingeschr\u00e4nkt ist. Wo es keine Erinnerung\u00a0 an das zuvor Ge\u00fcbte gibt,\u00a0 ist das eigene Versagen in der Pr\u00fcfungssituation\u00a0 f\u00fchl- und erkennbar.\u00a0\u00a0<\/strong><\/span><\/p>\n<p><span style=\"color: #000080;\"><strong>Die d\u00fcstere Vorahnung, geforderte <span style=\"color: #ff6600;\">Transferleistungen<\/span> wegen des Tunnelblicks nicht erbringen zu k\u00f6nnen, f\u00fchrt meist schon im Vorfeld zu psychosomatischen Beschwerden, wie Fahrigkeit, Kopfschmerzen, Schlafst\u00f6rungen oder Magen-Darmproblemen.\u00a0<\/strong><\/span><\/p>\n<p><span style=\"color: #000080;\"><strong>Die Mathematikangst\u00a0 zeigt sich in einem eingeschr\u00e4nkten Leistungspotenzial in der Klassenarbeit. Die Spannbreite reicht dort\u00a0 von einer inneren Bedr\u00e4ngnis bis zu gedanklichen Blockade und Blackout.\u00a0<\/strong><\/span><\/p>\n<p><span style=\"color: #000080;\"><strong>Mit dem Wort Blackout kann man vieles verbinden, so der Neurowissenschaftler M. Spitzer. Zitate: &#8222;Emotionalbedingte Ged\u00e4chtnisproblematik,\u00a0 Aufmerksamkeits-Fokussierungsst\u00f6rung, Mechanismus des Gesamtph\u00e4nomens unklar&#8220;.<\/strong><\/span><\/p>\n<p><span style=\"color: #000080;\"><strong>&#8222;Mit den Lerninhalten wird auch die Angst abgerufen&#8220;.\u00a0 &#8222;Der Lichtpunkt des Aufmerksamkeitsscheinwerfers wird kleiner- genauso wie der Fokus dessen, was man sich ins Bewusstsein rufen kann. Verstellung im Denken von weit nach eng&#8230;Wer eng denkt, dem f\u00e4llt nur eine Sache ein. Sonst nichts&#8220;.\u00a0<\/strong><\/span><\/p>\n<p><span style=\"color: #000080;\"><strong>&#8222;Gelerntes wirklich anzuwenden, k\u00f6nne w\u00e4hrend der Denkblockade nicht klappen, weil man nicht mehr von A nach B denken kann. Man denkt A fertig&#8220;, so M. Spitzer.\u00a0<\/strong><\/span><\/p>\n<p><span style=\"color: #000080;\"><strong>Gut gemeinte allgemeine Ratschl\u00e4ge greifen bei einer Lernblockade im Fach Mathematik nicht, sind sie in der Pr\u00fcfung wie weggeblasen.\u00a0<\/strong><\/span><\/p>\n<p style=\"text-align: center;\"><span style=\"color: #ff0000;\"><strong>L\u00f6sungsstrategien f\u00fcr den Ausstieg aus dem Teufelskreis\u00a0<\/strong><\/span><\/p>\n<p><span style=\"color: #000080;\"><strong>Grunds\u00e4tzlich ist die Angst auch noch eine ung\u00fcnstige Bedingung f\u00fcr das weitere Lernen. Vermehrtes, wiederholendes \u00dcben mit ungeeigneten Strategien hilft zuhause nicht weiter, f\u00fchrt in erlernte Hilflosigkeit und zu der Erkenntnis, dass sich vermehrte Anstrengung nicht lohnt.\u00a0<\/strong><\/span><\/p>\n<p><span style=\"color: #000080;\"><strong>Im Rahmen des Rechentrainings gibt es einen Leitfaden, der \u00fcber einen bestimmten Zeitraum von einem Schulhalbjahr zu erproben\/umzusetzen ist und erfahrungsgem\u00e4\u00df funktioniert! <\/strong><\/span><\/p>\n<p><span style=\"color: #000080;\"><strong>Liegen die Ursachen im Lern- und Arbeitsverhalten begr\u00fcndet, liefert\u00a0 das T\u00fcbinger Lernmethodik-Training (T\u00dcLT) wichtige Erkenntnisse und Hilfestellungen.\u00a0<\/strong><\/span><\/p>\n<p><span style=\"color: #000080;\"><strong>Die wichtigsten F\u00f6rderbereiche im T\u00fcbinger Lernmethodik-Training sind das Verbessern der Konzentrationsf\u00e4higkeit, der F\u00e4higkeit zur Selbstmotivation, Zielsetzung und Zeitplanung, das selbstst\u00e4ndige Erledigen der Hausaufgaben, die strukturierte Vorbereitung von Klassenarbeiten und Pr\u00fcfungen, das Verringern von Pr\u00fcfungsangst und das Steigern des Selbstvertrauens, der Ged\u00e4chtnisf\u00e4higkeiten und der F\u00e4higkeit zur gezielten Entspannung.<\/strong><\/span><\/p>\n<p><strong><span style=\"color: #ff0000;\">Neuer Beitrag unter der Rubrik Themenbeitr\u00e4ge: Pr\u00fcfungsangst &#8211; rien ne va plus (26.03.2024)<\/span><\/strong><\/p>\n<p>&nbsp;<\/p>\n<div class=\"note info \">\n<div class=\"note-inner\">\n<p><strong><span style=\"color: #ff0000;\">Jetzt beraten lassen!<\/span><\/strong><\/p>\n<p><strong><span style=\"color: #ff0000;\">Kostenloses Beratungsgespr\u00e4ch !\u00a0 <span style=\"color: #000080;\">06508\/8973229 oder 0172\/7438224<\/span><\/span><\/strong><\/p>\n<p>Senden Sie mir eine E-Mail : <a href=\"mailto:Irka.Koller@t-online.de\">Irka.Koller@t-online.de<\/a><\/p>\n<\/div>\n<\/div>\n","protected":false},"excerpt":{"rendered":"<p>Wer will sp\u00e4ter lebenslang verpassten Chancen nachtrauern?\u00a0 Schlechte Noten im Hauptfach Mathematik auf den Jahreszeugnissen\/Abschlusszeugnissen haben nicht nur zur Folge, dass Zugangsvoraussetzungen [&hellip;]<\/p>\n","protected":false},"author":1,"featured_media":0,"parent":0,"menu_order":0,"comment_status":"closed","ping_status":"closed","template":"","meta":{"_FSMCFIC_featured_image_caption":"","_FSMCFIC_featured_image_nocaption":"","_FSMCFIC_featured_image_hide":"","footnotes":""},"class_list":["post-43","page","type-page","status-publish","hentry"],"yoast_head":"<!-- This site is optimized with the Yoast SEO plugin v27.6 - https:\/\/yoast.com\/product\/yoast-seo-wordpress\/ -->\n<title>Angst vor Klassenarbeiten - LERNART Hetzerath<\/title>\n<meta name=\"robots\" content=\"index, follow, max-snippet:-1, max-image-preview:large, max-video-preview:-1\" \/>\n<link rel=\"canonical\" href=\"https:\/\/www.lernart-hetzerath.de\/wordpress\/pruefungscoaching\/\" \/>\n<meta property=\"og:locale\" content=\"de_DE\" \/>\n<meta property=\"og:type\" content=\"article\" \/>\n<meta property=\"og:title\" content=\"Angst vor Klassenarbeiten - LERNART Hetzerath\" \/>\n<meta property=\"og:description\" content=\"Wer will sp\u00e4ter lebenslang verpassten Chancen nachtrauern?\u00a0 Schlechte Noten im Hauptfach Mathematik auf den Jahreszeugnissen\/Abschlusszeugnissen haben nicht nur zur Folge, dass Zugangsvoraussetzungen [&hellip;]\" \/>\n<meta property=\"og:url\" content=\"https:\/\/www.lernart-hetzerath.de\/wordpress\/pruefungscoaching\/\" \/>\n<meta property=\"og:site_name\" content=\"LERNART Hetzerath\" \/>\n<meta property=\"article:modified_time\" content=\"2024-03-27T16:00:33+00:00\" \/>\n<meta name=\"twitter:card\" content=\"summary_large_image\" \/>\n<meta name=\"twitter:label1\" content=\"Gesch\u00e4tzte Lesezeit\" \/>\n\t<meta name=\"twitter:data1\" content=\"4\u00a0Minuten\" \/>\n<script type=\"application\/ld+json\" class=\"yoast-schema-graph\">{\"@context\":\"https:\\\/\\\/schema.org\",\"@graph\":[{\"@type\":\"WebPage\",\"@id\":\"https:\\\/\\\/www.lernart-hetzerath.de\\\/wordpress\\\/pruefungscoaching\\\/\",\"url\":\"https:\\\/\\\/www.lernart-hetzerath.de\\\/wordpress\\\/pruefungscoaching\\\/\",\"name\":\"Angst vor Klassenarbeiten - LERNART Hetzerath\",\"isPartOf\":{\"@id\":\"https:\\\/\\\/www.lernart-hetzerath.de\\\/wordpress\\\/#website\"},\"datePublished\":\"2017-03-11T15:12:19+00:00\",\"dateModified\":\"2024-03-27T16:00:33+00:00\",\"breadcrumb\":{\"@id\":\"https:\\\/\\\/www.lernart-hetzerath.de\\\/wordpress\\\/pruefungscoaching\\\/#breadcrumb\"},\"inLanguage\":\"de\",\"potentialAction\":[{\"@type\":\"ReadAction\",\"target\":[\"https:\\\/\\\/www.lernart-hetzerath.de\\\/wordpress\\\/pruefungscoaching\\\/\"]}]},{\"@type\":\"BreadcrumbList\",\"@id\":\"https:\\\/\\\/www.lernart-hetzerath.de\\\/wordpress\\\/pruefungscoaching\\\/#breadcrumb\",\"itemListElement\":[{\"@type\":\"ListItem\",\"position\":1,\"name\":\"Startseite\",\"item\":\"https:\\\/\\\/www.lernart-hetzerath.de\\\/wordpress\\\/\"},{\"@type\":\"ListItem\",\"position\":2,\"name\":\"Angst vor Klassenarbeiten\"}]},{\"@type\":\"WebSite\",\"@id\":\"https:\\\/\\\/www.lernart-hetzerath.de\\\/wordpress\\\/#website\",\"url\":\"https:\\\/\\\/www.lernart-hetzerath.de\\\/wordpress\\\/\",\"name\":\"LERNART Hetzerath\",\"description\":\"Dyskalkulie\\\/Rechenschw\u00e4che-ADS\\\/ADHS-Elternarbeit -  Crashkurse Chemie- Workshops\",\"publisher\":{\"@id\":\"https:\\\/\\\/www.lernart-hetzerath.de\\\/wordpress\\\/#\\\/schema\\\/person\\\/ebff95b1efc9faf8b01a9da69793705f\"},\"potentialAction\":[{\"@type\":\"SearchAction\",\"target\":{\"@type\":\"EntryPoint\",\"urlTemplate\":\"https:\\\/\\\/www.lernart-hetzerath.de\\\/wordpress\\\/?s={search_term_string}\"},\"query-input\":{\"@type\":\"PropertyValueSpecification\",\"valueRequired\":true,\"valueName\":\"search_term_string\"}}],\"inLanguage\":\"de\"},{\"@type\":[\"Person\",\"Organization\"],\"@id\":\"https:\\\/\\\/www.lernart-hetzerath.de\\\/wordpress\\\/#\\\/schema\\\/person\\\/ebff95b1efc9faf8b01a9da69793705f\",\"name\":\"irka987\",\"image\":{\"@type\":\"ImageObject\",\"inLanguage\":\"de\",\"@id\":\"https:\\\/\\\/www.lernart-hetzerath.de\\\/wordpress\\\/wp-content\\\/uploads\\\/2017\\\/03\\\/Koller-Irene-2b_BRetu_aCV__3.jpg\",\"url\":\"https:\\\/\\\/www.lernart-hetzerath.de\\\/wordpress\\\/wp-content\\\/uploads\\\/2017\\\/03\\\/Koller-Irene-2b_BRetu_aCV__3.jpg\",\"contentUrl\":\"https:\\\/\\\/www.lernart-hetzerath.de\\\/wordpress\\\/wp-content\\\/uploads\\\/2017\\\/03\\\/Koller-Irene-2b_BRetu_aCV__3.jpg\",\"width\":300,\"height\":450,\"caption\":\"irka987\"},\"logo\":{\"@id\":\"https:\\\/\\\/www.lernart-hetzerath.de\\\/wordpress\\\/wp-content\\\/uploads\\\/2017\\\/03\\\/Koller-Irene-2b_BRetu_aCV__3.jpg\"}}]}<\/script>\n<!-- \/ Yoast SEO plugin. -->","yoast_head_json":{"title":"Angst vor Klassenarbeiten - LERNART Hetzerath","robots":{"index":"index","follow":"follow","max-snippet":"max-snippet:-1","max-image-preview":"max-image-preview:large","max-video-preview":"max-video-preview:-1"},"canonical":"https:\/\/www.lernart-hetzerath.de\/wordpress\/pruefungscoaching\/","og_locale":"de_DE","og_type":"article","og_title":"Angst vor Klassenarbeiten - LERNART Hetzerath","og_description":"Wer will sp\u00e4ter lebenslang verpassten Chancen nachtrauern?\u00a0 Schlechte Noten im Hauptfach Mathematik auf den Jahreszeugnissen\/Abschlusszeugnissen haben nicht nur zur Folge, dass Zugangsvoraussetzungen [&hellip;]","og_url":"https:\/\/www.lernart-hetzerath.de\/wordpress\/pruefungscoaching\/","og_site_name":"LERNART Hetzerath","article_modified_time":"2024-03-27T16:00:33+00:00","twitter_card":"summary_large_image","twitter_misc":{"Gesch\u00e4tzte Lesezeit":"4\u00a0Minuten"},"schema":{"@context":"https:\/\/schema.org","@graph":[{"@type":"WebPage","@id":"https:\/\/www.lernart-hetzerath.de\/wordpress\/pruefungscoaching\/","url":"https:\/\/www.lernart-hetzerath.de\/wordpress\/pruefungscoaching\/","name":"Angst vor Klassenarbeiten - LERNART Hetzerath","isPartOf":{"@id":"https:\/\/www.lernart-hetzerath.de\/wordpress\/#website"},"datePublished":"2017-03-11T15:12:19+00:00","dateModified":"2024-03-27T16:00:33+00:00","breadcrumb":{"@id":"https:\/\/www.lernart-hetzerath.de\/wordpress\/pruefungscoaching\/#breadcrumb"},"inLanguage":"de","potentialAction":[{"@type":"ReadAction","target":["https:\/\/www.lernart-hetzerath.de\/wordpress\/pruefungscoaching\/"]}]},{"@type":"BreadcrumbList","@id":"https:\/\/www.lernart-hetzerath.de\/wordpress\/pruefungscoaching\/#breadcrumb","itemListElement":[{"@type":"ListItem","position":1,"name":"Startseite","item":"https:\/\/www.lernart-hetzerath.de\/wordpress\/"},{"@type":"ListItem","position":2,"name":"Angst vor Klassenarbeiten"}]},{"@type":"WebSite","@id":"https:\/\/www.lernart-hetzerath.de\/wordpress\/#website","url":"https:\/\/www.lernart-hetzerath.de\/wordpress\/","name":"LERNART Hetzerath","description":"Dyskalkulie\/Rechenschw\u00e4che-ADS\/ADHS-Elternarbeit -  Crashkurse Chemie- Workshops","publisher":{"@id":"https:\/\/www.lernart-hetzerath.de\/wordpress\/#\/schema\/person\/ebff95b1efc9faf8b01a9da69793705f"},"potentialAction":[{"@type":"SearchAction","target":{"@type":"EntryPoint","urlTemplate":"https:\/\/www.lernart-hetzerath.de\/wordpress\/?s={search_term_string}"},"query-input":{"@type":"PropertyValueSpecification","valueRequired":true,"valueName":"search_term_string"}}],"inLanguage":"de"},{"@type":["Person","Organization"],"@id":"https:\/\/www.lernart-hetzerath.de\/wordpress\/#\/schema\/person\/ebff95b1efc9faf8b01a9da69793705f","name":"irka987","image":{"@type":"ImageObject","inLanguage":"de","@id":"https:\/\/www.lernart-hetzerath.de\/wordpress\/wp-content\/uploads\/2017\/03\/Koller-Irene-2b_BRetu_aCV__3.jpg","url":"https:\/\/www.lernart-hetzerath.de\/wordpress\/wp-content\/uploads\/2017\/03\/Koller-Irene-2b_BRetu_aCV__3.jpg","contentUrl":"https:\/\/www.lernart-hetzerath.de\/wordpress\/wp-content\/uploads\/2017\/03\/Koller-Irene-2b_BRetu_aCV__3.jpg","width":300,"height":450,"caption":"irka987"},"logo":{"@id":"https:\/\/www.lernart-hetzerath.de\/wordpress\/wp-content\/uploads\/2017\/03\/Koller-Irene-2b_BRetu_aCV__3.jpg"}}]}},"_links":{"self":[{"href":"https:\/\/www.lernart-hetzerath.de\/wordpress\/wp-json\/wp\/v2\/pages\/43","targetHints":{"allow":["GET"]}}],"collection":[{"href":"https:\/\/www.lernart-hetzerath.de\/wordpress\/wp-json\/wp\/v2\/pages"}],"about":[{"href":"https:\/\/www.lernart-hetzerath.de\/wordpress\/wp-json\/wp\/v2\/types\/page"}],"author":[{"embeddable":true,"href":"https:\/\/www.lernart-hetzerath.de\/wordpress\/wp-json\/wp\/v2\/users\/1"}],"replies":[{"embeddable":true,"href":"https:\/\/www.lernart-hetzerath.de\/wordpress\/wp-json\/wp\/v2\/comments?post=43"}],"version-history":[{"count":69,"href":"https:\/\/www.lernart-hetzerath.de\/wordpress\/wp-json\/wp\/v2\/pages\/43\/revisions"}],"predecessor-version":[{"id":874,"href":"https:\/\/www.lernart-hetzerath.de\/wordpress\/wp-json\/wp\/v2\/pages\/43\/revisions\/874"}],"wp:attachment":[{"href":"https:\/\/www.lernart-hetzerath.de\/wordpress\/wp-json\/wp\/v2\/media?parent=43"}],"curies":[{"name":"wp","href":"https:\/\/api.w.org\/{rel}","templated":true}]}}