{"id":47,"date":"2017-03-11T16:18:06","date_gmt":"2017-03-11T15:18:06","guid":{"rendered":"http:\/\/www.lernart-hetzerath.de\/?page_id=47"},"modified":"2023-08-29T07:05:38","modified_gmt":"2023-08-29T05:05:38","slug":"workshop","status":"publish","type":"page","link":"https:\/\/www.lernart-hetzerath.de\/wordpress\/workshop\/","title":{"rendered":"ADS\/ADHS"},"content":{"rendered":"<p><span style=\"color: #000080;\"><strong>Als gepr\u00fcfte Trainerin bei ADS\/ADHS (IFLW) biete ich zwei Trainingsmethoden (Marburger Konzentrationstraining f\u00fcr Schulkinder-Jugendliche\/ Attentioner) an, die Konzentration und &#8222;spezifische Komponenten der Aufmerksamkeitsleistung wirksam und langfristig verbessern&#8220;.<\/strong><\/span><\/p>\n<p><span style=\"color: #000080;\"><strong>Beide Trainingsprogramme:\u00a0<\/strong><\/span><\/p>\n<ul>\n<li><strong><span style=\"color: #000080;\">enthalten attraktive Trainingsmaterialien\u00a0<\/span><\/strong><\/li>\n<li><strong style=\"color: #000080;\">sind wissenschaftlich in durchgef\u00fchrten Forschungsprojekten begleitet worden<\/strong><\/li>\n<li><strong style=\"color: #000080;\">der Transfer in den h\u00e4uslichen und schulischen Bereich \u00a0konnte nachgewiesen werden. <\/strong><\/li>\n<li><span style=\"color: #000080;\"><strong>Integrierte Elternarbeit beendet den Teufelskreis der Hilflosigkeit bei den Hausaufgaben<\/strong><\/span><\/li>\n<\/ul>\n<p><strong>\u00a0<\/strong><\/p>\n<p style=\"text-align: center;\"><span style=\"color: #000080;\"><strong>Belastende Lern- und Hausaufgabensituation zuhause &#8211; &#8222;Mathe ist ein \u00f6des Regelwerk&#8220;<\/strong><\/span><\/p>\n<p><strong><span style=\"color: #008000;\">Kinder sollten nicht als defizit\u00e4r, sondern als Gesamtpers\u00f6nlichkeit betrachtet werden, die f\u00fcr sich selbst sprechen k\u00f6nnen, ob und wie sie in ihrer pers\u00f6nlichen Entwicklung unterst\u00fctzt werden wollen. Jedoch sind auch Klarheit und Deutlichkeit zu transportieren, wenn Grenzen \u00fcberschritten werden.<\/span><\/strong><\/p>\n<p><strong><span style=\"color: #000080;\">Gerade bei den Hausaufgaben driften die Kinder gerne bei l\u00e4ngerfristigen Aufgabenstellungen\u00a0 ab, und sind auf der Suche nach Ablenkungsman\u00f6vern. Oft bekunden sie, keine Lust zu haben, wenn die Aufgaben eint\u00f6nig oder zu anstrengend sind. Aufgaben werden unterbrochen und vorzeitig beendet, wenn die Kinder ohne Begleitung sind. Oft werden Aufgaben gerne durchgestrichen<\/span><\/strong><\/p>\n<p><strong><span style=\"color: #000080;\">Gerne wechseln die Kinder von einer Aktivit\u00e4t zu anderen, zeigen hohe Kreativit\u00e4t und Fantasie bei Aufgaben, die sie interessieren. Die Unaufmerksamkeit im ungeliebten Fach zeigt sich darin, dass fehlende Motivation und Lustlosigkeit vorherrschen. Einzelheiten bei Aufgabenstellungen werden geflissentlich \u00fcberh\u00f6rt oder wichtige Nachs\u00e4tze bei Hausaufgaben und Klassenarbeiten \u00fcbersehen. Schriftliche Hausaufgaben werden gerade noch erledigt und es wird in Kauf genommen, das\u00a0 nur sehr geringe Lernwirkungen von Ihnen ausgehen. Die Notwendigkeit zus\u00e4tzlicher \u00dcbungen wird gar nicht eingesehen.\u00a0<\/span><\/strong><\/p>\n<p><strong><span style=\"color: #000080;\">\u00d6fters wird scheinbar oder tats\u00e4chlich nicht richtig zugeh\u00f6rt\u00a0 und dazwischen geredet. Meist wird \u00fcberm\u00e4\u00dfig viel geredet, ohne angemessen auf Beschr\u00e4nkungen zu reagieren.\u00a0<\/span><\/strong><strong><span style=\"color: #000080;\">St\u00f6rungen fordern zum Handeln auf,mehr noch: Sie fordern dazu auf, etwas zu ver\u00e4ndern. Im Idealfall erfolgen diese \u00c4nderungen aktiv, reflektiert und mit Blick auf konstruktive L\u00f6sungen. Das Festhalten an bestehenden Mustern, das blo\u00dfe Ertragen oder Beklagen hilft nicht weiter, auch wenn Letzteres kurzfristig Entlastung verschafft.\u00a0<\/span><\/strong><\/p>\n<p>&nbsp;<\/p>\n<p style=\"text-align: center;\"><strong><span style=\"color: #000080;\">2. Elternarbeit &#8211; Ausstieg aus dem Teufelskreis der Lernst\u00f6rungen<\/span><\/strong><\/p>\n<p><span style=\"color: #000080;\"><strong>Die Elternarbeit im gew\u00e4hlten professionellem Trainingsprogramm (Marburger Konzentrationstraining\/Attentioner) beinhaltet:\u00a0<\/strong><\/span><\/p>\n<ul>\n<li><span style=\"color: #000080;\"><strong>Ausf\u00fchrliche Analyse der h\u00e4uslichen Problematik<\/strong><\/span><\/li>\n<li><span style=\"color: #000080;\"><strong>Festlegung von Interventionszielen<\/strong><\/span><\/li>\n<li><span style=\"color: #000080;\"><strong>Konkrete individuelle praxisnahe alltagstaugliche L\u00f6sungsvorschl\u00e4ge<\/strong><\/span><\/li>\n<li><span style=\"color: #000080;\"><strong>Einf\u00fchrung von Ritualen und Ver\u00e4nderung von Regeln\/Abl\u00e4ufen<\/strong><\/span><\/li>\n<li><span style=\"color: #000080;\"><strong>Zielsetzung: f\u00f6rderliches Verhalten und positives Arbeitsklima bei den Hausaufgaben<\/strong><\/span><\/li>\n<\/ul>\n<p><strong><span style=\"color: #000080;\">Findet nur in Ferienzeiten statt. Rechtzeitige Anmeldung erbeten.\u00a0<\/span><\/strong><\/p>\n<p>&nbsp;<\/p>\n<p style=\"text-align: center;\"><span style=\"color: #000080;\"><strong>Wege aus der Dyskalkulie\/Rechenschw\u00e4che\u00a0<\/strong><\/span><\/p>\n<p><span style=\"color: #000080;\"><strong>Auch bei Sch\u00fclern mit der Diagnose ADS \/ADHS zielt das Rechentraining darauf ab, die Denkprozesse unter mathematikdidaktischen Gesichtspunkten zu erfassen,zu analysieren und gezielt fachdidaktisch zu f\u00f6rdern. <\/strong><\/span><\/p>\n<p><span style=\"color: #000080;\"><strong>Ausgehend von der Tatsache, dass Rechnenlernen ein ganzheitlicher Prozess ist, der zudem durch auditive Wahrnehmungsprobleme, Einschr\u00e4nkungen im Arbeitsged\u00e4chtnis etc. negativ beeinflusst wird, sind auch Elemente im Training vorgesehen, um Aufmerksamkeit fokussiert steuern zu k\u00f6nnen.<\/strong><\/span><\/p>\n<p><span style=\"color: #000080;\"><strong>Zentrale Fragen sind: Wie verschafft man sich Geh\u00f6r? Wie lenkt man den Fokus auf die unliebsamen und langweilig erscheinenden Aufgaben? Wie dringt man zu\u00a0 einem vertr\u00e4umten Kind durch, das gerade &#8222;mit dem Kopf in den Wolken&#8220; ist?<\/strong><\/span><\/p>\n<p><span style=\"color: #000080;\"><strong>Die so wichtige Automatisierung\u00a0 in der Mathematik gelingt nur durch gr\u00fcndliches systematisches Lernen mit vielen Wiederholungen. Genau das Gegenteil praktizieren diese Kinder gerne: es soll schnell, oberfl\u00e4chlich und ohne Wiederholung\u00a0 gehen. Genau dann ger\u00e4t Gelerntes wieder in Vergessenheit. Die Aufgaben m\u00fcssen gut vorstrukturiert und verstanden sein, damit die Automatisierung gelingen kann. Ganz allgemein gilt: wenige passende Methoden und Reduktion auf das Wesentliche. Der visuelle Einpr\u00e4geweg ist h\u00e4ufig g\u00fcnstiger.<\/strong><\/span><\/p>\n<p><span style=\"color: #000080;\"><strong>Da ADS\/ADHS-Kinder h\u00e4ufig fein- und graphomotorische Schwerigkeiten (ungelenkes, krakeliges Schriftbild) haben, sto\u00dfen alle \u00dcbungsformen, die viel mit Schreiben verbunden sind, auf Ablehnung. Auch reduziert das verhasste Schreiben die Motivation, \u00fcberhaupt zu \u00fcben. Deshalb kommen digitale \u00dcbungen und Kopfrechnen in entsprechenden Portionen im Training verst\u00e4rkt zum Einsatz.<\/strong><\/span><\/p>\n<p>&nbsp;<\/p>\n<p>&nbsp;<\/p>\n<div class=\"note info \">\n<div class=\"note-inner\">\n<p>&nbsp;<\/p>\n<p>&nbsp;<\/p>\n<p>&nbsp;<\/p>\n<p><strong><span style=\"color: #ff0000;\">Jetzt beraten lassen! <span style=\"color: #000080;\">Mobil 0172\/7438224 oder 06508\/8973229<\/span><\/span><\/strong><\/p>\n<p><strong><span style=\"color: #ff0000;\">Kostenloses Beratungsgespr\u00e4ch !<\/span><\/strong><\/p>\n<p>Senden Sie mir eine E-Mail : <a href=\"mailto:Irka.Koller@t-online.de\">Irka.Koller@t-online.de<\/a><\/p>\n<\/div>\n<\/div>\n","protected":false},"excerpt":{"rendered":"<p>Als gepr\u00fcfte Trainerin bei ADS\/ADHS (IFLW) biete ich zwei Trainingsmethoden (Marburger Konzentrationstraining f\u00fcr Schulkinder-Jugendliche\/ Attentioner) an, die Konzentration und &#8222;spezifische Komponenten der [&hellip;]<\/p>\n","protected":false},"author":1,"featured_media":0,"parent":0,"menu_order":0,"comment_status":"closed","ping_status":"closed","template":"","meta":{"_FSMCFIC_featured_image_caption":"","_FSMCFIC_featured_image_nocaption":"","_FSMCFIC_featured_image_hide":"","footnotes":""},"class_list":["post-47","page","type-page","status-publish","hentry"],"yoast_head":"<!-- This site is optimized with the Yoast SEO plugin v27.4 - https:\/\/yoast.com\/product\/yoast-seo-wordpress\/ -->\n<title>ADS\/ADHS - LERNART Hetzerath<\/title>\n<meta name=\"robots\" content=\"index, follow, max-snippet:-1, max-image-preview:large, max-video-preview:-1\" \/>\n<link rel=\"canonical\" href=\"https:\/\/www.lernart-hetzerath.de\/wordpress\/workshop\/\" \/>\n<meta property=\"og:locale\" content=\"de_DE\" \/>\n<meta property=\"og:type\" content=\"article\" \/>\n<meta property=\"og:title\" content=\"ADS\/ADHS - LERNART Hetzerath\" \/>\n<meta property=\"og:description\" content=\"Als gepr\u00fcfte Trainerin bei ADS\/ADHS (IFLW) biete ich zwei Trainingsmethoden (Marburger Konzentrationstraining f\u00fcr Schulkinder-Jugendliche\/ Attentioner) an, die Konzentration und &#8222;spezifische Komponenten der [&hellip;]\" \/>\n<meta property=\"og:url\" content=\"https:\/\/www.lernart-hetzerath.de\/wordpress\/workshop\/\" \/>\n<meta property=\"og:site_name\" content=\"LERNART Hetzerath\" \/>\n<meta property=\"article:modified_time\" content=\"2023-08-29T05:05:38+00:00\" \/>\n<meta name=\"twitter:card\" content=\"summary_large_image\" \/>\n<meta name=\"twitter:label1\" content=\"Gesch\u00e4tzte Lesezeit\" \/>\n\t<meta name=\"twitter:data1\" content=\"3\u00a0Minuten\" \/>\n<script type=\"application\/ld+json\" class=\"yoast-schema-graph\">{\"@context\":\"https:\\\/\\\/schema.org\",\"@graph\":[{\"@type\":\"WebPage\",\"@id\":\"https:\\\/\\\/www.lernart-hetzerath.de\\\/wordpress\\\/workshop\\\/\",\"url\":\"https:\\\/\\\/www.lernart-hetzerath.de\\\/wordpress\\\/workshop\\\/\",\"name\":\"ADS\\\/ADHS - LERNART Hetzerath\",\"isPartOf\":{\"@id\":\"https:\\\/\\\/www.lernart-hetzerath.de\\\/wordpress\\\/#website\"},\"datePublished\":\"2017-03-11T15:18:06+00:00\",\"dateModified\":\"2023-08-29T05:05:38+00:00\",\"breadcrumb\":{\"@id\":\"https:\\\/\\\/www.lernart-hetzerath.de\\\/wordpress\\\/workshop\\\/#breadcrumb\"},\"inLanguage\":\"de\",\"potentialAction\":[{\"@type\":\"ReadAction\",\"target\":[\"https:\\\/\\\/www.lernart-hetzerath.de\\\/wordpress\\\/workshop\\\/\"]}]},{\"@type\":\"BreadcrumbList\",\"@id\":\"https:\\\/\\\/www.lernart-hetzerath.de\\\/wordpress\\\/workshop\\\/#breadcrumb\",\"itemListElement\":[{\"@type\":\"ListItem\",\"position\":1,\"name\":\"Startseite\",\"item\":\"https:\\\/\\\/www.lernart-hetzerath.de\\\/wordpress\\\/\"},{\"@type\":\"ListItem\",\"position\":2,\"name\":\"ADS\\\/ADHS\"}]},{\"@type\":\"WebSite\",\"@id\":\"https:\\\/\\\/www.lernart-hetzerath.de\\\/wordpress\\\/#website\",\"url\":\"https:\\\/\\\/www.lernart-hetzerath.de\\\/wordpress\\\/\",\"name\":\"LERNART Hetzerath\",\"description\":\"Dyskalkulie\\\/Rechenschw\u00e4che-ADS\\\/ADHS-Elternarbeit -  Crashkurse Chemie- Workshops\",\"publisher\":{\"@id\":\"https:\\\/\\\/www.lernart-hetzerath.de\\\/wordpress\\\/#\\\/schema\\\/person\\\/ebff95b1efc9faf8b01a9da69793705f\"},\"potentialAction\":[{\"@type\":\"SearchAction\",\"target\":{\"@type\":\"EntryPoint\",\"urlTemplate\":\"https:\\\/\\\/www.lernart-hetzerath.de\\\/wordpress\\\/?s={search_term_string}\"},\"query-input\":{\"@type\":\"PropertyValueSpecification\",\"valueRequired\":true,\"valueName\":\"search_term_string\"}}],\"inLanguage\":\"de\"},{\"@type\":[\"Person\",\"Organization\"],\"@id\":\"https:\\\/\\\/www.lernart-hetzerath.de\\\/wordpress\\\/#\\\/schema\\\/person\\\/ebff95b1efc9faf8b01a9da69793705f\",\"name\":\"irka987\",\"image\":{\"@type\":\"ImageObject\",\"inLanguage\":\"de\",\"@id\":\"https:\\\/\\\/www.lernart-hetzerath.de\\\/wordpress\\\/wp-content\\\/uploads\\\/2017\\\/03\\\/Koller-Irene-2b_BRetu_aCV__3.jpg\",\"url\":\"https:\\\/\\\/www.lernart-hetzerath.de\\\/wordpress\\\/wp-content\\\/uploads\\\/2017\\\/03\\\/Koller-Irene-2b_BRetu_aCV__3.jpg\",\"contentUrl\":\"https:\\\/\\\/www.lernart-hetzerath.de\\\/wordpress\\\/wp-content\\\/uploads\\\/2017\\\/03\\\/Koller-Irene-2b_BRetu_aCV__3.jpg\",\"width\":300,\"height\":450,\"caption\":\"irka987\"},\"logo\":{\"@id\":\"https:\\\/\\\/www.lernart-hetzerath.de\\\/wordpress\\\/wp-content\\\/uploads\\\/2017\\\/03\\\/Koller-Irene-2b_BRetu_aCV__3.jpg\"}}]}<\/script>\n<!-- \/ Yoast SEO plugin. -->","yoast_head_json":{"title":"ADS\/ADHS - LERNART Hetzerath","robots":{"index":"index","follow":"follow","max-snippet":"max-snippet:-1","max-image-preview":"max-image-preview:large","max-video-preview":"max-video-preview:-1"},"canonical":"https:\/\/www.lernart-hetzerath.de\/wordpress\/workshop\/","og_locale":"de_DE","og_type":"article","og_title":"ADS\/ADHS - LERNART Hetzerath","og_description":"Als gepr\u00fcfte Trainerin bei ADS\/ADHS (IFLW) biete ich zwei Trainingsmethoden (Marburger Konzentrationstraining f\u00fcr Schulkinder-Jugendliche\/ Attentioner) an, die Konzentration und &#8222;spezifische Komponenten der [&hellip;]","og_url":"https:\/\/www.lernart-hetzerath.de\/wordpress\/workshop\/","og_site_name":"LERNART Hetzerath","article_modified_time":"2023-08-29T05:05:38+00:00","twitter_card":"summary_large_image","twitter_misc":{"Gesch\u00e4tzte Lesezeit":"3\u00a0Minuten"},"schema":{"@context":"https:\/\/schema.org","@graph":[{"@type":"WebPage","@id":"https:\/\/www.lernart-hetzerath.de\/wordpress\/workshop\/","url":"https:\/\/www.lernart-hetzerath.de\/wordpress\/workshop\/","name":"ADS\/ADHS - LERNART Hetzerath","isPartOf":{"@id":"https:\/\/www.lernart-hetzerath.de\/wordpress\/#website"},"datePublished":"2017-03-11T15:18:06+00:00","dateModified":"2023-08-29T05:05:38+00:00","breadcrumb":{"@id":"https:\/\/www.lernart-hetzerath.de\/wordpress\/workshop\/#breadcrumb"},"inLanguage":"de","potentialAction":[{"@type":"ReadAction","target":["https:\/\/www.lernart-hetzerath.de\/wordpress\/workshop\/"]}]},{"@type":"BreadcrumbList","@id":"https:\/\/www.lernart-hetzerath.de\/wordpress\/workshop\/#breadcrumb","itemListElement":[{"@type":"ListItem","position":1,"name":"Startseite","item":"https:\/\/www.lernart-hetzerath.de\/wordpress\/"},{"@type":"ListItem","position":2,"name":"ADS\/ADHS"}]},{"@type":"WebSite","@id":"https:\/\/www.lernart-hetzerath.de\/wordpress\/#website","url":"https:\/\/www.lernart-hetzerath.de\/wordpress\/","name":"LERNART Hetzerath","description":"Dyskalkulie\/Rechenschw\u00e4che-ADS\/ADHS-Elternarbeit -  Crashkurse Chemie- Workshops","publisher":{"@id":"https:\/\/www.lernart-hetzerath.de\/wordpress\/#\/schema\/person\/ebff95b1efc9faf8b01a9da69793705f"},"potentialAction":[{"@type":"SearchAction","target":{"@type":"EntryPoint","urlTemplate":"https:\/\/www.lernart-hetzerath.de\/wordpress\/?s={search_term_string}"},"query-input":{"@type":"PropertyValueSpecification","valueRequired":true,"valueName":"search_term_string"}}],"inLanguage":"de"},{"@type":["Person","Organization"],"@id":"https:\/\/www.lernart-hetzerath.de\/wordpress\/#\/schema\/person\/ebff95b1efc9faf8b01a9da69793705f","name":"irka987","image":{"@type":"ImageObject","inLanguage":"de","@id":"https:\/\/www.lernart-hetzerath.de\/wordpress\/wp-content\/uploads\/2017\/03\/Koller-Irene-2b_BRetu_aCV__3.jpg","url":"https:\/\/www.lernart-hetzerath.de\/wordpress\/wp-content\/uploads\/2017\/03\/Koller-Irene-2b_BRetu_aCV__3.jpg","contentUrl":"https:\/\/www.lernart-hetzerath.de\/wordpress\/wp-content\/uploads\/2017\/03\/Koller-Irene-2b_BRetu_aCV__3.jpg","width":300,"height":450,"caption":"irka987"},"logo":{"@id":"https:\/\/www.lernart-hetzerath.de\/wordpress\/wp-content\/uploads\/2017\/03\/Koller-Irene-2b_BRetu_aCV__3.jpg"}}]}},"_links":{"self":[{"href":"https:\/\/www.lernart-hetzerath.de\/wordpress\/wp-json\/wp\/v2\/pages\/47","targetHints":{"allow":["GET"]}}],"collection":[{"href":"https:\/\/www.lernart-hetzerath.de\/wordpress\/wp-json\/wp\/v2\/pages"}],"about":[{"href":"https:\/\/www.lernart-hetzerath.de\/wordpress\/wp-json\/wp\/v2\/types\/page"}],"author":[{"embeddable":true,"href":"https:\/\/www.lernart-hetzerath.de\/wordpress\/wp-json\/wp\/v2\/users\/1"}],"replies":[{"embeddable":true,"href":"https:\/\/www.lernart-hetzerath.de\/wordpress\/wp-json\/wp\/v2\/comments?post=47"}],"version-history":[{"count":45,"href":"https:\/\/www.lernart-hetzerath.de\/wordpress\/wp-json\/wp\/v2\/pages\/47\/revisions"}],"predecessor-version":[{"id":863,"href":"https:\/\/www.lernart-hetzerath.de\/wordpress\/wp-json\/wp\/v2\/pages\/47\/revisions\/863"}],"wp:attachment":[{"href":"https:\/\/www.lernart-hetzerath.de\/wordpress\/wp-json\/wp\/v2\/media?parent=47"}],"curies":[{"name":"wp","href":"https:\/\/api.w.org\/{rel}","templated":true}]}}