{"id":487,"date":"2018-05-28T19:18:19","date_gmt":"2018-05-28T17:18:19","guid":{"rendered":"http:\/\/www.lernart-hetzerath.de\/?page_id=487"},"modified":"2025-01-14T20:57:56","modified_gmt":"2025-01-14T19:57:56","slug":"ferienkurse","status":"publish","type":"page","link":"https:\/\/www.lernart-hetzerath.de\/wordpress\/ferienkurse\/","title":{"rendered":"Ferienzeiten"},"content":{"rendered":"<p align=\"JUSTIFY\"><span style=\"color: #000080;\"><strong>In den Ferien finden Nachholtermine f\u00fcr rechtzeitig abgesagte Krankheitstermine statt. Leider habe ich <\/strong><\/span><span style=\"color: #000080;\"><strong>keine Freir\u00e4ume in diesem Jahr, um Workshops anzubieten.\u00a0<\/strong><\/span><\/p>\n<p align=\"JUSTIFY\"><span style=\"color: #000080;\"><strong>Bislang hier angebotene Ferienkurse finden in diesem Jahr nicht statt. Gerne nehme ich individuelle Anregungen und Themenvorschl\u00e4ge entgegen und entscheide Ende des Jahres dar\u00fcber, ob sp\u00e4tere\u00a0 Ferienkurse stattfinden k\u00f6nnen.\u00a0<\/strong><\/span><\/p>\n<p align=\"JUSTIFY\"><strong><span style=\"color: #000080;\">Die Ferien eignen sich besonders gut f\u00fcr den Einstieg in ein Rechentraining, weil die Sch\u00fcler unbelastet vom Stundenplan der Schule starten k\u00f6nnen.\u00a0<\/span><\/strong><\/p>\n<p>&nbsp;<\/p>\n<p align=\"JUSTIFY\"><span style=\"color: #000080;\"><strong>Zeit f\u00fcr Elterngespr\u00e4che und Elternarbeit<\/strong><\/span><\/p>\n<p align=\"JUSTIFY\"><span style=\"color: #000080;\"><strong>Dort, wo es zeitlich geht, ist es in der Regel sinnvoll, \u00fcber die Hintergr\u00fcnde der besonderen Schwierigkeiten bei der Hausaufgabenbetreuung zu informieren. Insbesondere bei AD(H)S ist es mit einfachen Erkl\u00e4rungen im Sinne von &#8222;Rezepten&#8220; nicht getan. Meist sieht es so aus. Das Kind m\u00fcsste eigentlich lernen, verweigert sich aber vollst\u00e4ndig. Die Folge ist ein st\u00e4ndiger Kampf und letztlich kommt bei den erzwungenen Lern\u00fcbungen nicht viel heraus. Leider besteht die Ausgangssituation typischerweise schon darin, dass\u00a0 sich bereits ein &#8222;Teufelskreis&#8220; Lernst\u00f6rung entwickelt hat. Liegen die Nerven blank, kann Elternarbeit in den Trainingsprogrammen MKT oder Attentioner in Anspruch genommen werden, um den Ursachen detailliert auf den Grund zu gehen und ma\u00dfgeschneiderte\u00a0 L\u00f6sungen\u00a0 zu finden.\u00a0<\/strong><\/span><\/p>\n<p align=\"JUSTIFY\"><span style=\"color: #000080;\"><strong>\u00a0Ferienzeit &#8211; Vergessenszeit, vor allem bei ADS\/ADHS<\/strong><\/span><\/p>\n<p align=\"JUSTIFY\"><span style=\"color: #000080;\"><strong>Gerade bei AD(H)S -Kindern, so auch meine Erfahrung, bringt die Lernpause, die zur Erholung gedacht ist, auch erhebliche Nachteile mit sich. So wird bspw. das vorher gelernte Einmaleins gerne vergessen und auch andere nicht vollst\u00e4ndige Automatisierungsvorg\u00e4nge in den Grundrechenarten geraten gerne in Vergessenheit. Sinnvoll ist es daher schon, um nicht nach den Ferien mit Grundfertigkeiten nicht wieder von vorne zu beginnen, kleine Kopfrechen\u00fcbungen zu festgelegten Zeiten durchzuf\u00fchren. So gelingt der \u00dcbergang zur Schulzeit emotional besser und Erfolgs- statt Frusterlebnisse stehen am Anfang der neuen Schuljahres.\u00a0<\/strong><\/span><\/p>\n<p align=\"JUSTIFY\"><span style=\"color: #ff0000;\"><b>Neuanmeldungen sind auch innerhalb der Sommerferien m\u00f6glich.\u00a0 Rufen Sie einfach an. Sollte ich nicht sofort erreichbar sein, rufe ich umgehend zur\u00fcck.\u00a0<\/b><\/span><\/p>\n<p align=\"JUSTIFY\"><span style=\"color: #000080;\"><b>Festnetznummer 06508\/8973229 oder mobil:\u00a0 172\/7438224\u00a0<\/b><\/span><\/p>\n<hr \/>\n<hr \/>\n","protected":false},"excerpt":{"rendered":"<p>In den Ferien finden Nachholtermine f\u00fcr rechtzeitig abgesagte Krankheitstermine statt. Leider habe ich keine Freir\u00e4ume in diesem Jahr, um Workshops anzubieten.\u00a0 Bislang [&hellip;]<\/p>\n","protected":false},"author":1,"featured_media":0,"parent":0,"menu_order":0,"comment_status":"closed","ping_status":"closed","template":"","meta":{"_FSMCFIC_featured_image_caption":"","_FSMCFIC_featured_image_nocaption":"","_FSMCFIC_featured_image_hide":"","footnotes":""},"class_list":["post-487","page","type-page","status-publish","hentry"],"yoast_head":"<!-- This site is optimized with the Yoast SEO plugin v27.6 - https:\/\/yoast.com\/product\/yoast-seo-wordpress\/ -->\n<title>Ferienzeiten - LERNART Hetzerath<\/title>\n<meta name=\"robots\" content=\"index, follow, max-snippet:-1, max-image-preview:large, max-video-preview:-1\" \/>\n<link rel=\"canonical\" href=\"https:\/\/www.lernart-hetzerath.de\/wordpress\/ferienkurse\/\" \/>\n<meta property=\"og:locale\" content=\"de_DE\" \/>\n<meta property=\"og:type\" content=\"article\" \/>\n<meta property=\"og:title\" content=\"Ferienzeiten - LERNART Hetzerath\" \/>\n<meta property=\"og:description\" content=\"In den Ferien finden Nachholtermine f\u00fcr rechtzeitig abgesagte Krankheitstermine statt. Leider habe ich keine Freir\u00e4ume in diesem Jahr, um Workshops anzubieten.\u00a0 Bislang [&hellip;]\" \/>\n<meta property=\"og:url\" content=\"https:\/\/www.lernart-hetzerath.de\/wordpress\/ferienkurse\/\" \/>\n<meta property=\"og:site_name\" content=\"LERNART Hetzerath\" \/>\n<meta property=\"article:modified_time\" content=\"2025-01-14T19:57:56+00:00\" \/>\n<meta name=\"twitter:card\" content=\"summary_large_image\" \/>\n<meta name=\"twitter:label1\" content=\"Gesch\u00e4tzte Lesezeit\" \/>\n\t<meta name=\"twitter:data1\" content=\"2\u00a0Minuten\" \/>\n<script type=\"application\/ld+json\" class=\"yoast-schema-graph\">{\"@context\":\"https:\\\/\\\/schema.org\",\"@graph\":[{\"@type\":\"WebPage\",\"@id\":\"https:\\\/\\\/www.lernart-hetzerath.de\\\/wordpress\\\/ferienkurse\\\/\",\"url\":\"https:\\\/\\\/www.lernart-hetzerath.de\\\/wordpress\\\/ferienkurse\\\/\",\"name\":\"Ferienzeiten - LERNART Hetzerath\",\"isPartOf\":{\"@id\":\"https:\\\/\\\/www.lernart-hetzerath.de\\\/wordpress\\\/#website\"},\"datePublished\":\"2018-05-28T17:18:19+00:00\",\"dateModified\":\"2025-01-14T19:57:56+00:00\",\"breadcrumb\":{\"@id\":\"https:\\\/\\\/www.lernart-hetzerath.de\\\/wordpress\\\/ferienkurse\\\/#breadcrumb\"},\"inLanguage\":\"de\",\"potentialAction\":[{\"@type\":\"ReadAction\",\"target\":[\"https:\\\/\\\/www.lernart-hetzerath.de\\\/wordpress\\\/ferienkurse\\\/\"]}]},{\"@type\":\"BreadcrumbList\",\"@id\":\"https:\\\/\\\/www.lernart-hetzerath.de\\\/wordpress\\\/ferienkurse\\\/#breadcrumb\",\"itemListElement\":[{\"@type\":\"ListItem\",\"position\":1,\"name\":\"Startseite\",\"item\":\"https:\\\/\\\/www.lernart-hetzerath.de\\\/wordpress\\\/\"},{\"@type\":\"ListItem\",\"position\":2,\"name\":\"Ferienzeiten\"}]},{\"@type\":\"WebSite\",\"@id\":\"https:\\\/\\\/www.lernart-hetzerath.de\\\/wordpress\\\/#website\",\"url\":\"https:\\\/\\\/www.lernart-hetzerath.de\\\/wordpress\\\/\",\"name\":\"LERNART Hetzerath\",\"description\":\"Dyskalkulie\\\/Rechenschw\u00e4che-ADS\\\/ADHS-Elternarbeit -  Crashkurse Chemie- Workshops\",\"publisher\":{\"@id\":\"https:\\\/\\\/www.lernart-hetzerath.de\\\/wordpress\\\/#\\\/schema\\\/person\\\/ebff95b1efc9faf8b01a9da69793705f\"},\"potentialAction\":[{\"@type\":\"SearchAction\",\"target\":{\"@type\":\"EntryPoint\",\"urlTemplate\":\"https:\\\/\\\/www.lernart-hetzerath.de\\\/wordpress\\\/?s={search_term_string}\"},\"query-input\":{\"@type\":\"PropertyValueSpecification\",\"valueRequired\":true,\"valueName\":\"search_term_string\"}}],\"inLanguage\":\"de\"},{\"@type\":[\"Person\",\"Organization\"],\"@id\":\"https:\\\/\\\/www.lernart-hetzerath.de\\\/wordpress\\\/#\\\/schema\\\/person\\\/ebff95b1efc9faf8b01a9da69793705f\",\"name\":\"irka987\",\"image\":{\"@type\":\"ImageObject\",\"inLanguage\":\"de\",\"@id\":\"https:\\\/\\\/www.lernart-hetzerath.de\\\/wordpress\\\/wp-content\\\/uploads\\\/2017\\\/03\\\/Koller-Irene-2b_BRetu_aCV__3.jpg\",\"url\":\"https:\\\/\\\/www.lernart-hetzerath.de\\\/wordpress\\\/wp-content\\\/uploads\\\/2017\\\/03\\\/Koller-Irene-2b_BRetu_aCV__3.jpg\",\"contentUrl\":\"https:\\\/\\\/www.lernart-hetzerath.de\\\/wordpress\\\/wp-content\\\/uploads\\\/2017\\\/03\\\/Koller-Irene-2b_BRetu_aCV__3.jpg\",\"width\":300,\"height\":450,\"caption\":\"irka987\"},\"logo\":{\"@id\":\"https:\\\/\\\/www.lernart-hetzerath.de\\\/wordpress\\\/wp-content\\\/uploads\\\/2017\\\/03\\\/Koller-Irene-2b_BRetu_aCV__3.jpg\"}}]}<\/script>\n<!-- \/ Yoast SEO plugin. -->","yoast_head_json":{"title":"Ferienzeiten - LERNART Hetzerath","robots":{"index":"index","follow":"follow","max-snippet":"max-snippet:-1","max-image-preview":"max-image-preview:large","max-video-preview":"max-video-preview:-1"},"canonical":"https:\/\/www.lernart-hetzerath.de\/wordpress\/ferienkurse\/","og_locale":"de_DE","og_type":"article","og_title":"Ferienzeiten - LERNART Hetzerath","og_description":"In den Ferien finden Nachholtermine f\u00fcr rechtzeitig abgesagte Krankheitstermine statt. Leider habe ich keine Freir\u00e4ume in diesem Jahr, um Workshops anzubieten.\u00a0 Bislang [&hellip;]","og_url":"https:\/\/www.lernart-hetzerath.de\/wordpress\/ferienkurse\/","og_site_name":"LERNART Hetzerath","article_modified_time":"2025-01-14T19:57:56+00:00","twitter_card":"summary_large_image","twitter_misc":{"Gesch\u00e4tzte Lesezeit":"2\u00a0Minuten"},"schema":{"@context":"https:\/\/schema.org","@graph":[{"@type":"WebPage","@id":"https:\/\/www.lernart-hetzerath.de\/wordpress\/ferienkurse\/","url":"https:\/\/www.lernart-hetzerath.de\/wordpress\/ferienkurse\/","name":"Ferienzeiten - LERNART Hetzerath","isPartOf":{"@id":"https:\/\/www.lernart-hetzerath.de\/wordpress\/#website"},"datePublished":"2018-05-28T17:18:19+00:00","dateModified":"2025-01-14T19:57:56+00:00","breadcrumb":{"@id":"https:\/\/www.lernart-hetzerath.de\/wordpress\/ferienkurse\/#breadcrumb"},"inLanguage":"de","potentialAction":[{"@type":"ReadAction","target":["https:\/\/www.lernart-hetzerath.de\/wordpress\/ferienkurse\/"]}]},{"@type":"BreadcrumbList","@id":"https:\/\/www.lernart-hetzerath.de\/wordpress\/ferienkurse\/#breadcrumb","itemListElement":[{"@type":"ListItem","position":1,"name":"Startseite","item":"https:\/\/www.lernart-hetzerath.de\/wordpress\/"},{"@type":"ListItem","position":2,"name":"Ferienzeiten"}]},{"@type":"WebSite","@id":"https:\/\/www.lernart-hetzerath.de\/wordpress\/#website","url":"https:\/\/www.lernart-hetzerath.de\/wordpress\/","name":"LERNART Hetzerath","description":"Dyskalkulie\/Rechenschw\u00e4che-ADS\/ADHS-Elternarbeit -  Crashkurse Chemie- Workshops","publisher":{"@id":"https:\/\/www.lernart-hetzerath.de\/wordpress\/#\/schema\/person\/ebff95b1efc9faf8b01a9da69793705f"},"potentialAction":[{"@type":"SearchAction","target":{"@type":"EntryPoint","urlTemplate":"https:\/\/www.lernart-hetzerath.de\/wordpress\/?s={search_term_string}"},"query-input":{"@type":"PropertyValueSpecification","valueRequired":true,"valueName":"search_term_string"}}],"inLanguage":"de"},{"@type":["Person","Organization"],"@id":"https:\/\/www.lernart-hetzerath.de\/wordpress\/#\/schema\/person\/ebff95b1efc9faf8b01a9da69793705f","name":"irka987","image":{"@type":"ImageObject","inLanguage":"de","@id":"https:\/\/www.lernart-hetzerath.de\/wordpress\/wp-content\/uploads\/2017\/03\/Koller-Irene-2b_BRetu_aCV__3.jpg","url":"https:\/\/www.lernart-hetzerath.de\/wordpress\/wp-content\/uploads\/2017\/03\/Koller-Irene-2b_BRetu_aCV__3.jpg","contentUrl":"https:\/\/www.lernart-hetzerath.de\/wordpress\/wp-content\/uploads\/2017\/03\/Koller-Irene-2b_BRetu_aCV__3.jpg","width":300,"height":450,"caption":"irka987"},"logo":{"@id":"https:\/\/www.lernart-hetzerath.de\/wordpress\/wp-content\/uploads\/2017\/03\/Koller-Irene-2b_BRetu_aCV__3.jpg"}}]}},"_links":{"self":[{"href":"https:\/\/www.lernart-hetzerath.de\/wordpress\/wp-json\/wp\/v2\/pages\/487","targetHints":{"allow":["GET"]}}],"collection":[{"href":"https:\/\/www.lernart-hetzerath.de\/wordpress\/wp-json\/wp\/v2\/pages"}],"about":[{"href":"https:\/\/www.lernart-hetzerath.de\/wordpress\/wp-json\/wp\/v2\/types\/page"}],"author":[{"embeddable":true,"href":"https:\/\/www.lernart-hetzerath.de\/wordpress\/wp-json\/wp\/v2\/users\/1"}],"replies":[{"embeddable":true,"href":"https:\/\/www.lernart-hetzerath.de\/wordpress\/wp-json\/wp\/v2\/comments?post=487"}],"version-history":[{"count":45,"href":"https:\/\/www.lernart-hetzerath.de\/wordpress\/wp-json\/wp\/v2\/pages\/487\/revisions"}],"predecessor-version":[{"id":887,"href":"https:\/\/www.lernart-hetzerath.de\/wordpress\/wp-json\/wp\/v2\/pages\/487\/revisions\/887"}],"wp:attachment":[{"href":"https:\/\/www.lernart-hetzerath.de\/wordpress\/wp-json\/wp\/v2\/media?parent=487"}],"curies":[{"name":"wp","href":"https:\/\/api.w.org\/{rel}","templated":true}]}}